{"id":1110,"date":"2016-12-30T13:39:23","date_gmt":"2016-12-30T11:39:23","guid":{"rendered":"http:\/\/marco-gerlach.de\/cgi-bin\/weblog_basic\/index.php?page_id=1110"},"modified":"2017-02-12T20:52:39","modified_gmt":"2017-02-12T18:52:39","slug":"2016","status":"publish","type":"page","link":"http:\/\/marco-gerlach.de\/cgi-bin\/weblog_basic\/?page_id=1110","title":{"rendered":"2016"},"content":{"rendered":"<p><strong>2016<\/strong><br \/>\n10.01.2016 42,2K <a href=\"http:\/\/www.kevelaer-marathon.de\">14. LLG Kevelaer-Marathon<\/a> 3:31:37<br \/>\n14.02.2016 42,2K <a href=\"http:\/\/www.bertlicher-strassenlaeufe.de\">98. Bertlicher Stra\u00dfenl\u00e4ufe<\/a> 3:25:24<br \/>\n13.03.2016 42,2K <a href=\"http:\/\/www.koenigsforst-marathon.de\">42. K\u00f6nigsforst-Marathon<\/a> 3:29:27<br \/>\n25.03.2016 42,2K <a href=\"http:\/\/www.100mc.de\">91. S\u00fcchtelner H\u00f6hen Professor Marathon<\/a> 3:43:22<br \/>\n28.03.2016 107K\/&#177;686Hm <a href=\"http:\/\/www.sprinter-waltrop.de\">15. Fr\u00fchjahrs-RTF Sprinter Waltrop<\/a> 3:34:59*<br \/>\n02.04.2016 110K <a href=\"http:\/\/www.rsv-grefrath.de\">33. Grefrather RTF<\/a> 3:13:41*<br \/>\n09.04.2016 50K <a href=\"http:\/\/rundumsolingen.wordpress.com\">5. Freundschaftslauf Rund um Solingen<\/a> 6:14:20<br \/>\n23.04.2016 12h <a href=\"http:\/\/seilersee.weigelt-sportpartner.de\">9. Stadtwerkelauf Iserlohn<\/a> <strong>104,7K<\/strong> (&#177;1276Hm)<br \/>\n01.05.2016 106K <a href=\"http:\/\/sturmvogel-essen.de\">18. H\u00f6mma RTF<\/a> 3:27:20*<br \/>\n08.05.2016 207K\/&#177;572Hm <a href=\"http:\/\/www.tornado94.de\">18. Rhienkieker RTF (Marathon)<\/a> 6:11:50*<br \/>\n15.05.2016 100K <a href=\"http:\/\/www.tortourderuhr.de\">TorTour de Ruhr (Bambini)<\/a> <strong>11:11:43<\/strong><br \/>\n22.05.2016 209K\/&#177;725Hm <a href=\"http:\/\/www.rsv-muenster.de\">17. Kiepenkerl- Radmarathon<\/a> 6:06:58*<br \/>\n26.05.2016 210K\/&#177;951Hm <a href=\"http:\/\/www.svh-herbern.de\">&#8222;Durch Davert und Venne&#8220;<\/a> 6:11:21*<br \/>\n29.05.2016 196K\/&#177;2380Hm <a href=\"http:\/\/www.rtc-koeln.de\">5. Forsbach Radmarathon<\/a> 6:52:17*<br \/>\n11.06.2016 164K\/&#177;2068Hm <a href=\"http:\/\/www.tv-huchem-stammeln.de\">Durch die Rureifel<\/a> 5:44:05*<br \/>\n10.07.2016 221K\/&#177;710Hm <a href=\"http:\/\/www.rc-buer.de\/\">Von Buer zum Rhein<\/a> 6:30:29*<br \/>\n17.07.2016 200K\/&#177;1766Hm <a href=\"http:\/\/www.tsv-immendorf.de\">24. Condor-Marathon<\/a> 6:03:49*<br \/>\n06.08.2016 150K\/&#177;2065Hm <a href=\"http:\/\/www.rtvlohmar.de\">33. T\u00e4ler und H\u00f6hen<\/a> 4:56:43*<br \/>\n21.08.2016 208K\/&#177;2741Hm <a href=\"http:\/\/www.radfuchs.de\">2. Kloster Radmarathon<\/a> 6:52:22*<br \/>\n28.08.2016 238K\/&#177;5500Hm <a href=\"https:\/\/www.oetztaler-radmarathon.com\/de\">36. \u00d6tztaler Radmarathon<\/a> 9:29:00<br \/>\n10.09.2016 201K\/&#177;2826Hm <a href=\"http:\/\/www.rv-adler-luettringhausen.de\">RV Adler L\u00fcttringh. Marathon<\/a> 6:38:07*<br \/>\n09.10.2016 102K\/&#177;1082Hm <a href=\"http:\/\/www.bsg-stadt-koeln-rtf.de\">K\u00f6lner Saisonabschlussfahrt<\/a> 3:23:06*<br \/>\n16.10.2016 119K\/&#177;486Hm <a href=\"http:\/\/atv-haltern.de\/\">30. Haltern am See Fahrt<\/a> 3:41:28*<br \/>\n23.10.2016 16K\/&#177;200Hm <a href=\"https:\/\/seidenraupen.wordpress.com\/seidenraupencross\">4. Seidenraupen-Cross<\/a> 1:13:00<br \/>\n28.10.2016 26K\/&#177;950Hm <a href=\"http:\/\/www.drachenlauf.net\">14. Drachenlauf<\/a> 2:15:51<br \/>\n12.11.2016 25K\/&#177;815Hm <a href=\"http:\/\/www.platinman.de\/\">4. Platinman<\/a> 2:07:43<br \/>\n27.11.2016 42,2K <a href=\"http:\/\/www.bertlicher-strassenlaeufe.de\">100. Bertlicher Stra\u00dfenl\u00e4ufe<\/a> 3:29:40<br \/>\n11.12.2016 42,2K\/&#177;780Hm <a href=\"http:\/\/www.tripower-rs.de\/\">17. Siebengebirgsmarathon<\/a> 3:31:11<\/p>\n<p>\nInsg. 6xMarathon, 3xUltramarathon, 9xRadmarathon<\/p>\n<p>\n*Nettofahrzeit<\/p>\n","protected":false},"excerpt":{"rendered":"<p>2016 10.01.2016 42,2K 14. LLG Kevelaer-Marathon 3:31:37 14.02.2016 42,2K 98. Bertlicher Stra\u00dfenl\u00e4ufe 3:25:24 13.03.2016 42,2K 42. K\u00f6nigsforst-Marathon 3:29:27 25.03.2016 42,2K 91. S\u00fcchtelner H\u00f6hen Professor Marathon 3:43:22 28.03.2016 107K\/&#177;686Hm 15. Fr\u00fchjahrs-RTF Sprinter Waltrop 3:34:59* 02.04.2016 110K 33. Grefrather RTF 3:13:41* 09.04.2016 50K 5. Freundschaftslauf Rund um Solingen 6:14:20 23.04.2016 12h 9. Stadtwerkelauf Iserlohn 104,7K (&#177;1276Hm) 01.05.2016 &hellip; <a href=\"http:\/\/marco-gerlach.de\/cgi-bin\/weblog_basic\/?page_id=1110\" class=\"more-link\"><span class=\"screen-reader-text\">\u201e2016\u201c<\/span> weiterlesen<\/a><\/p>\n","protected":false},"author":1,"featured_media":0,"parent":968,"menu_order":0,"comment_status":"open","ping_status":"open","template":"","meta":[],"_links":{"self":[{"href":"http:\/\/marco-gerlach.de\/cgi-bin\/weblog_basic\/index.php?rest_route=\/wp\/v2\/pages\/1110"}],"collection":[{"href":"http:\/\/marco-gerlach.de\/cgi-bin\/weblog_basic\/index.php?rest_route=\/wp\/v2\/pages"}],"about":[{"href":"http:\/\/marco-gerlach.de\/cgi-bin\/weblog_basic\/index.php?rest_route=\/wp\/v2\/types\/page"}],"author":[{"embeddable":true,"href":"http:\/\/marco-gerlach.de\/cgi-bin\/weblog_basic\/index.php?rest_route=\/wp\/v2\/users\/1"}],"replies":[{"embeddable":true,"href":"http:\/\/marco-gerlach.de\/cgi-bin\/weblog_basic\/index.php?rest_route=%2Fwp%2Fv2%2Fcomments&post=1110"}],"version-history":[{"count":12,"href":"http:\/\/marco-gerlach.de\/cgi-bin\/weblog_basic\/index.php?rest_route=\/wp\/v2\/pages\/1110\/revisions"}],"predecessor-version":[{"id":1186,"href":"http:\/\/marco-gerlach.de\/cgi-bin\/weblog_basic\/index.php?rest_route=\/wp\/v2\/pages\/1110\/revisions\/1186"}],"up":[{"embeddable":true,"href":"http:\/\/marco-gerlach.de\/cgi-bin\/weblog_basic\/index.php?rest_route=\/wp\/v2\/pages\/968"}],"wp:attachment":[{"href":"http:\/\/marco-gerlach.de\/cgi-bin\/weblog_basic\/index.php?rest_route=%2Fwp%2Fv2%2Fmedia&parent=1110"}],"curies":[{"name":"wp","href":"https:\/\/api.w.org\/{rel}","templated":true}]}}