{"id":1124,"date":"2016-12-30T14:00:11","date_gmt":"2016-12-30T12:00:11","guid":{"rendered":"http:\/\/marco-gerlach.de\/cgi-bin\/weblog_basic\/index.php?page_id=1124"},"modified":"2016-12-30T14:52:49","modified_gmt":"2016-12-30T12:52:49","slug":"2014","status":"publish","type":"page","link":"http:\/\/marco-gerlach.de\/cgi-bin\/weblog_basic\/?page_id=1124","title":{"rendered":"2014"},"content":{"rendered":"<p><strong>2014<\/strong><br \/>\n05.01.2014 5K <a href=\"http:\/\/www.asc-ratingen.de\">36. Ratinger Neujahrslauf<\/a> <strong>0:20:52<\/strong><br \/>\n18.01.2014 42,3K\/&#177;440Hm <a href=\"http:\/\/www.panorama-marathon.de\">12. Dorndellen-Marathon<\/a> 4:17:30<br \/>\n16.02.2014 42,2K <a href=\"http:\/\/www.bertlicher-strassenlaeufe.de\">92. Bertlicher Stra\u00dfenl\u00e4ufe<\/a> 3:41:24<br \/>\n15.03.2014 6h <a href=\"http:\/\/www.6h-lauf-muenster.de\">5. 6-Stunden-Lauf M\u00fcnster<\/a> 56,954 Km<br \/>\n05.04.2014 42,2K <a href=\"http:\/\/www.100mc.de\">11. S\u00fcchtelner H\u00f6hen Professor Marathon<\/a> 4:09:46<br \/>\n26.04.2014 202K\/&#177;445Hm <a href=\"http:\/\/www.rsg-herne.de\">16. Herner Radmarathon<\/a> 5:46:42*<br \/>\n03.05.2014 24h <a href=\"http:\/\/www.weigelt-sportpartner.de\/proj01\/\">7. Iserlohner Stadtwerkelauf<\/a> 148,4 Km (&#177;1826Hm)<br \/>\n25.05.2014 212K\/&#177;2419Hm <a href=\"http:\/\/www.rtc-koeln.de\">3. Forsbach Radmarathon<\/a> 7:39:23*<br \/>\n08.06.2014 100K <a href=\"http:\/\/www.tortourderuhr.de\">TorTour de Ruhr (Bambini)<\/a> Abbruch nach 58 Km aus fam. Gr\u00fcnden (Todesfall) \ud83d\ude41 <br \/>\n14.06.2014 203K\/&#177;2418Hm <a href=\"http:\/\/www.rtc-rodenkirchen.de\">Rodenkirchener Eifelmarathon<\/a> 7:18:44*<br \/>\n19.06.2014 210K\/&#177;971Hm <a href=\"http:\/\/www.svh-herbern.de\">&#8222;Durch Davert und Venne&#8220;<\/a> 6:33:20*<br \/>\n22.06.2014 198K\/&#177;2160Hm <a href=\"http:\/\/www.rsg-ford.de\">15. Ford K\u00f6ln Radmarathon<\/a> 7:00:55*<br \/>\n27.06.2014 24h <a href=\"http:\/\/www.tus-breitscheid.de\">8. 24-Stunden-Lauf TuS Breitscheid<\/a> <strong>155 Km<\/strong> (&#177;713Hm)<br \/>\n20.07.2014 202K\/&#177;1705Hm <a href=\"http:\/\/www.tsv-immendorf.de\">22. Condor-Marathon<\/a> 6:48:27*<br \/>\n03.08.2014 80K <a href=\"http:\/\/www.sparkassen-giro.de\/\">8. JedermannGiro Bochum<\/a> 1:56:08<br \/>\n09.08.2014 252K\/&#177;3400Hm <a href=\"http:\/\/www.asc09dortmund.de\">4. Sauerland eXtreme<\/a> 9:06:35*<br \/>\n31.08.2014 115K\/&#177;413Hm <a href=\"http:\/\/www.blau-gelb-oberhausen.de\">33. Blau-Gelb-RTF<\/a> 3:28:16*<br \/>\n06.09.2014 42,2K <a href=\"http:\/\/www.100mc.de\">24. S\u00fcchtelner H\u00f6hen Professor Marathon<\/a> 4:19:41<br \/>\n13.09.2014 195K\/&#177;2677Hm <a href=\"http:\/\/www.rv-adler-luettringhausen.de\">RV Adler L\u00fcttringh. Marathon<\/a> 7:05:03*<br \/>\n20.09.2014 42,5K <a href=\"http:\/\/www.laufen-in-dortmund.de\">LIDOMA VI (Maisfeld Edition)<\/a> 4:23:15<br \/>\n03.10.2014 108,5K <a href=\"http:\/\/www.sparkassen-muensterland-giro.de\">9. Sparkassen M\u00fcnsterland Giro<\/a> 2:44:47<br \/>\n11.10.2014 45K\/&#177;465Hm <a href=\"http:\/\/www.panorama-marathon.de\">10. Bergkamener Panorama-Marath.<\/a> 4:33:05<br \/>\n26.10.2014 63,3K\/&#177;1184Hm <a href=\"http:\/\/www.roentgenlauf.de\">14. R\u00f6ntgenlauf<\/a> 7:10:41<br \/>\n22.11.2014 42,2K <a href=\"http:\/\/www.100mc.de\">31. S\u00fcchtelner H\u00f6hen Professor Marathon<\/a> 4:08:42<br \/>\n07.12.2014 8,3K <a href=\"http:\/\/www.rennbahncross.de\">12. M\u00fclheimer Rennbahn-Crosslauf<\/a> 0:38:12<br \/>\n14.12.2014 42,2K\/&#177;780Hm <a href=\"http:\/\/www.tripower-rs.de\">15. Siebengebirgsmarathon<\/a> 3:58:04<\/p>\n<p>\nInsg. 8xMarathon, 4xUltramarathon, 2xRadrennen, 8xRadmarathon<\/p>\n<p>\n*Nettofahrzeit<\/p>\n","protected":false},"excerpt":{"rendered":"<p>2014 05.01.2014 5K 36. Ratinger Neujahrslauf 0:20:52 18.01.2014 42,3K\/&#177;440Hm 12. Dorndellen-Marathon 4:17:30 16.02.2014 42,2K 92. Bertlicher Stra\u00dfenl\u00e4ufe 3:41:24 15.03.2014 6h 5. 6-Stunden-Lauf M\u00fcnster 56,954 Km 05.04.2014 42,2K 11. S\u00fcchtelner H\u00f6hen Professor Marathon 4:09:46 26.04.2014 202K\/&#177;445Hm 16. Herner Radmarathon 5:46:42* 03.05.2014 24h 7. Iserlohner Stadtwerkelauf 148,4 Km (&#177;1826Hm) 25.05.2014 212K\/&#177;2419Hm 3. Forsbach Radmarathon 7:39:23* 08.06.2014 100K &hellip; <a href=\"http:\/\/marco-gerlach.de\/cgi-bin\/weblog_basic\/?page_id=1124\" class=\"more-link\"><span class=\"screen-reader-text\">\u201e2014\u201c<\/span> weiterlesen<\/a><\/p>\n","protected":false},"author":1,"featured_media":0,"parent":968,"menu_order":0,"comment_status":"open","ping_status":"open","template":"","meta":[],"_links":{"self":[{"href":"http:\/\/marco-gerlach.de\/cgi-bin\/weblog_basic\/index.php?rest_route=\/wp\/v2\/pages\/1124"}],"collection":[{"href":"http:\/\/marco-gerlach.de\/cgi-bin\/weblog_basic\/index.php?rest_route=\/wp\/v2\/pages"}],"about":[{"href":"http:\/\/marco-gerlach.de\/cgi-bin\/weblog_basic\/index.php?rest_route=\/wp\/v2\/types\/page"}],"author":[{"embeddable":true,"href":"http:\/\/marco-gerlach.de\/cgi-bin\/weblog_basic\/index.php?rest_route=\/wp\/v2\/users\/1"}],"replies":[{"embeddable":true,"href":"http:\/\/marco-gerlach.de\/cgi-bin\/weblog_basic\/index.php?rest_route=%2Fwp%2Fv2%2Fcomments&post=1124"}],"version-history":[{"count":3,"href":"http:\/\/marco-gerlach.de\/cgi-bin\/weblog_basic\/index.php?rest_route=\/wp\/v2\/pages\/1124\/revisions"}],"predecessor-version":[{"id":1141,"href":"http:\/\/marco-gerlach.de\/cgi-bin\/weblog_basic\/index.php?rest_route=\/wp\/v2\/pages\/1124\/revisions\/1141"}],"up":[{"embeddable":true,"href":"http:\/\/marco-gerlach.de\/cgi-bin\/weblog_basic\/index.php?rest_route=\/wp\/v2\/pages\/968"}],"wp:attachment":[{"href":"http:\/\/marco-gerlach.de\/cgi-bin\/weblog_basic\/index.php?rest_route=%2Fwp%2Fv2%2Fmedia&parent=1124"}],"curies":[{"name":"wp","href":"https:\/\/api.w.org\/{rel}","templated":true}]}}