{"id":168,"date":"2012-02-21T18:25:10","date_gmt":"2012-02-21T16:25:10","guid":{"rendered":"http:\/\/marco-gerlach.de\/cgi-bin\/weblog_basic\/index.php?page_id=168"},"modified":"2018-12-20T19:03:00","modified_gmt":"2018-12-20T17:03:00","slug":"trainingsbereiche","status":"publish","type":"page","link":"http:\/\/marco-gerlach.de\/cgi-bin\/weblog_basic\/?page_id=168","title":{"rendered":"Trainingszonen Laufen"},"content":{"rendered":"<p>Basierend auf der (mehrfach) gemessenen max. Herzfrequenz von knapp \u00fcber 200 Schl\u00e4gen, habe ich folgende Trainingszonen f\u00fcr mich festgelegt:<\/p>\n<p><strong>Unterteilung nach Prof. Dr. Kuno Hottenrott<\/strong><\/p>\n<table border=\"1\">\n<tr>\n<td><i>Trainingsbereich<\/i><\/td>\n<td><i>% der HF max.<\/i><\/td>\n<td><i>HF min.<\/i><\/td>\n<td><i>HF max.<\/i><\/td>\n<\/tr>\n<tr>\n<td>REKOM (Reg. Lauf)<\/td>\n<td>60-70%<\/td>\n<td>120<\/td>\n<td>140<\/td>\n<\/tr>\n<tr>\n<td>GA1 (ext. DL)<\/td>\n<td>65-80%<\/td>\n<td>130<\/td>\n<td>160<\/td>\n<\/tr>\n<tr>\n<td>GA1-2 (int. DL)<\/td>\n<td>80-85%<\/td>\n<td>160<\/td>\n<td>170<\/td>\n<\/tr>\n<tr>\n<td>GA2 (TDL)<\/td>\n<td>85-90%<\/td>\n<td>170<\/td>\n<td>180<\/td>\n<\/tr>\n<tr>\n<td>WSA (TL,WK)<\/td>\n<td>90-100%<\/td>\n<td>180<\/td>\n<td>200<\/td>\n<\/tr>\n<\/table>\n<p>TDL=Tempodauerlauf,<br \/>\nWSA=Wettkampspezifisches Ausdauertraining,<br \/>\nTL=Tempol\u00e4ufe,<br \/>\nWK=Wettkampf<\/p>\n<p><strong>Unterteilung nach Andreas Butz (LaufCampus)<\/strong><\/p>\n<table border=\"1\">\n<tr>\n<td><i>Trainingsbereich<\/i><\/td>\n<td><i>% der HF max.<\/i><\/td>\n<td><i>HF min.<\/i><\/td>\n<td><i>HF max.<\/i><\/td>\n<\/tr>\n<tr>\n<td>Super-Sauerstofflauf (SSL)<\/td>\n<td>65-70%<\/td>\n<td>130<\/td>\n<td>140<\/td>\n<\/tr>\n<tr>\n<td>Langsamer Dauerlauf (LDL)<\/td>\n<td>70-75%<\/td>\n<td>140<\/td>\n<td>150<\/td>\n<\/tr>\n<tr>\n<td>Mittlerer Dauerlauf (MDL)<\/td>\n<td>75-80%<\/td>\n<td>150<\/td>\n<td>160<\/td>\n<\/tr>\n<tr>\n<td>Z\u00fcgiger Dauerlauf (ZDL)<\/td>\n<td>80-85%<\/td>\n<td>160<\/td>\n<td>170<\/td>\n<\/tr>\n<\/table>\n<p>Dabei teilen die Bereiche SSL, LDL und MDL den nach Hottenrott (oben) gro\u00df gew\u00e4hlten GA1-Bereich weiter auf. Der ZDL entspricht dann genau dem GA1-2-Bereich des Hottenrott-Schemas.<\/p>\n<p><strong>Unterteilung nach Dr. Matthias Marquardt (Natural Running)<\/strong><\/p>\n<table border=\"1\">\n<tr>\n<td><i>Trainingsbereich<\/i><\/td>\n<td><i>% der HF max.<\/i><\/td>\n<td><i>HF min.<\/i><\/td>\n<td><i>HF max.<\/i><\/td>\n<\/tr>\n<tr>\n<td>REKOM<\/td>\n<td> <60%<\/td>\n<td><\/td>\n<td>120<\/td>\n<\/tr>\n<tr>\n<td>GA1<\/td>\n<td>60-75%<\/td>\n<td>120<\/td>\n<td>150<\/td>\n<\/tr>\n<tr>\n<td>GA1-2<\/td>\n<td>75-85%<\/td>\n<td>150<\/td>\n<td>170<\/td>\n<\/tr>\n<tr>\n<td>GA2<\/td>\n<td>85-95%<\/td>\n<td>170<\/td>\n<td>190<\/td>\n<\/tr>\n<tr>\n<td>WSA<\/td>\n<td> >95%<\/td>\n<td>190<\/td>\n<td><\/td>\n<\/tr>\n<\/table>\n<p><strong>Unterteilung nach Peter Greif<\/strong><\/p>\n<table border=\"1\">\n<tr>\n<td><i>Trainingsbereich<\/i><\/td>\n<td><i>% der HF max.<\/i><\/td>\n<td><i>HF min.<\/i><\/td>\n<td><i>HF max.<\/i><\/td>\n<\/tr>\n<tr>\n<td>reg. DL<\/td>\n<td>65-68%<\/td>\n<td>130<\/td>\n<td>136<\/td>\n<\/tr>\n<tr>\n<td>ext. DL<\/td>\n<td>68-72%<\/td>\n<td>136<\/td>\n<td>144<\/td>\n<\/tr>\n<tr>\n<td>mittelint. DL<\/td>\n<td>72-76%<\/td>\n<td>144<\/td>\n<td>152<\/td>\n<\/tr>\n<tr>\n<td>int. DL<\/td>\n<td>76-80%<\/td>\n<td>152<\/td>\n<td>160<\/td>\n<\/tr>\n<tr>\n<td>Tempo-DL 1<\/td>\n<td>80-84%<\/td>\n<td>160<\/td>\n<td>168<\/td>\n<\/tr>\n<tr>\n<td>Tempo-DL 2<\/td>\n<td>84-88%<\/td>\n<td>168<\/td>\n<td>176<\/td>\n<\/tr>\n<\/table>\n<p>In der Regel finden keine Trainingseinheiten im Bereich des mittelintensiven Dauerlaufs statt!<\/p>\n<p><strong>Strava Zonen<\/strong><\/p>\n<table border=\"1\">\n<tr>\n<td><i>Intensit\u00e4t<\/i><\/td>\n<td><i>Bezeichnung<\/i><\/td>\n<td><i>% der HF max.<\/i><\/td>\n<td><i>HF min.<\/i><\/td>\n<td><i>HF max.<\/i><\/td>\n<\/tr>\n<tr>\n<td>Z1<\/td>\n<td>Ausdauer<\/td>\n<td>< 59%<\/td>\n<td><\/td>\n<td>118<\/td>\n<\/tr>\n<tr>\n<td>Z2<\/td>\n<td>M\u00e4\u00dfig<\/td>\n<td>59-78%<\/td>\n<td>118<\/td>\n<td>156<\/td>\n<\/tr>\n<tr>\n<td>Z3<\/td>\n<td>Tempo<\/td>\n<td>78-87,5%<\/td>\n<td>156<\/td>\n<td>175<\/td>\n<\/tr>\n<tr>\n<td>Z4<\/td>\n<td>Schwelle<\/td>\n<td>87,5-97%<\/td>\n<td>175<\/td>\n<td>194<\/td>\n<\/tr>\n<tr>\n<td>Z5<\/td>\n<td>Anaerob<\/td>\n<td>\u00fcber 97%<\/td>\n<td>194<\/td>\n<td><\/td>\n<\/tr>\n<\/table>\n","protected":false},"excerpt":{"rendered":"<p>Basierend auf der (mehrfach) gemessenen max. Herzfrequenz von knapp \u00fcber 200 Schl\u00e4gen, habe ich folgende Trainingszonen f\u00fcr mich festgelegt: Unterteilung nach Prof. Dr. Kuno Hottenrott Trainingsbereich % der HF max. HF min. HF max. REKOM (Reg. Lauf) 60-70% 120 140 GA1 (ext. DL) 65-80% 130 160 GA1-2 (int. DL) 80-85% 160 170 GA2 (TDL) 85-90% &hellip; <a href=\"http:\/\/marco-gerlach.de\/cgi-bin\/weblog_basic\/?page_id=168\" class=\"more-link\"><span class=\"screen-reader-text\">\u201eTrainingszonen Laufen\u201c<\/span> weiterlesen<\/a><\/p>\n","protected":false},"author":1,"featured_media":0,"parent":981,"menu_order":0,"comment_status":"open","ping_status":"open","template":"","meta":[],"_links":{"self":[{"href":"http:\/\/marco-gerlach.de\/cgi-bin\/weblog_basic\/index.php?rest_route=\/wp\/v2\/pages\/168"}],"collection":[{"href":"http:\/\/marco-gerlach.de\/cgi-bin\/weblog_basic\/index.php?rest_route=\/wp\/v2\/pages"}],"about":[{"href":"http:\/\/marco-gerlach.de\/cgi-bin\/weblog_basic\/index.php?rest_route=\/wp\/v2\/types\/page"}],"author":[{"embeddable":true,"href":"http:\/\/marco-gerlach.de\/cgi-bin\/weblog_basic\/index.php?rest_route=\/wp\/v2\/users\/1"}],"replies":[{"embeddable":true,"href":"http:\/\/marco-gerlach.de\/cgi-bin\/weblog_basic\/index.php?rest_route=%2Fwp%2Fv2%2Fcomments&post=168"}],"version-history":[{"count":75,"href":"http:\/\/marco-gerlach.de\/cgi-bin\/weblog_basic\/index.php?rest_route=\/wp\/v2\/pages\/168\/revisions"}],"predecessor-version":[{"id":1425,"href":"http:\/\/marco-gerlach.de\/cgi-bin\/weblog_basic\/index.php?rest_route=\/wp\/v2\/pages\/168\/revisions\/1425"}],"up":[{"embeddable":true,"href":"http:\/\/marco-gerlach.de\/cgi-bin\/weblog_basic\/index.php?rest_route=\/wp\/v2\/pages\/981"}],"wp:attachment":[{"href":"http:\/\/marco-gerlach.de\/cgi-bin\/weblog_basic\/index.php?rest_route=%2Fwp%2Fv2%2Fmedia&parent=168"}],"curies":[{"name":"wp","href":"https:\/\/api.w.org\/{rel}","templated":true}]}}