{"id":987,"date":"2016-04-13T15:17:55","date_gmt":"2016-04-13T13:17:55","guid":{"rendered":"http:\/\/marco-gerlach.de\/cgi-bin\/weblog_basic\/index.php?page_id=987"},"modified":"2016-04-14T13:59:32","modified_gmt":"2016-04-14T11:59:32","slug":"kalorienverbrauch","status":"publish","type":"page","link":"http:\/\/marco-gerlach.de\/cgi-bin\/weblog_basic\/?page_id=987","title":{"rendered":"Kalorienverbrauch"},"content":{"rendered":"<p><strong>Grundumsatz<\/strong><br \/>\n<br \/>\n<u>Einfache Absch\u00e4tzung:<\/u><br \/>\nStark vereinfacht, aber alltagstauglich ist die N\u00e4herungsannahme, dass der Mensch pro Kilogramm K\u00f6rpergewicht ca. 25 kcal pro Tag verbraucht.<\/p>\n<p>M\u00e4nner: G = (25 x Gewicht in KG) kcal\/24h<br \/>\nFrauen: G = (25 x Gewicht in KG) x 0,9 kcal\/24h<\/p>\n<p><u>Harris-Benedict-Formel:<\/u><br \/>\nM\u00e4nner: G = 66,5 + (13,7 x Gewicht in KG) + (5,0 x Gr\u00f6\u00dfe im cm) &#8211; (6,8 x Alter in Jahren) kcal\/24h<br \/>\nFrauen: G = 655 + (9,6 x Gewicht in KG) + (1,8 x Gr\u00f6\u00dfe in cm) &#8211; (4,7 x Alter in Jahren) kcal\/24h<br \/>\nDiese Formel gilt allerdings nur bis zu einem BMI von 30.<\/p>\n<p><u>Mifflin-St.Jeor-Formel:<\/u><br \/>\nM\u00e4nner: G = (10,0 x Gewicht in KG) + (6,25 x Gr\u00f6\u00dfe in cm) &#8211; (5,0 x Alter in Jahren) + 5<br \/>\nFrauen: G = (10,0 x Gewicht in KG) + (6,25 x Gr\u00f6\u00dfe in cm) &#8211; (5,0 x Alter in Jahren) &#8211; 161<br \/>\n(ca. 5% akkurater als Harris-Benedikt-Formel)<\/p>\n<p><strong>Tats\u00e4chlicher Energieumsatz<\/strong><br \/>\n<br \/>\nMit erh\u00f6hter k\u00f6rperlicher Aktivit\u00e4t steigt auch der Energieumsatz. Die dadurch pro Tag zus\u00e4tzlich umgesetzte Energiemenge wird Leistungsumsatz genannt. Der tats\u00e4chliche Energieumsatz (als Summe aus Grund- und Leistungsumsatz) l\u00e4sst sich absch\u00e4tzen, indem man den zuvor bestimmten Grundumsatz mit einem Aktivit\u00e4tsfaktor (PAL, Physical Activity Level) multipliziert.<\/p>\n<table border=\"1\">\n<tr>\n<td>PAL-Faktor<\/td>\n<td><\/td>\n<\/tr>\n<tr>\n<td>1,2<\/td>\n<td>Ausschlie\u00dflich sitzende oder liegende Lebensweise: z. B. alte und gebrechliche Menschen<\/td>\n<\/tr>\n<tr>\n<td>1,3?1,5<\/td>\n<td>Ausschlie\u00dflich sitzende Lebensweise ohne nennenswert anstrengende Freizeitaktivit\u00e4ten: Feinmechaniker, B\u00fcroangestellte<\/td>\n<\/tr>\n<tr>\n<td>1,6?1,7<\/td>\n<td>\u00dcberwiegend sitzende T\u00e4tigkeit: Kraftfahrer, Laborant\/in<\/td>\n<\/tr>\n<tr>\n<td>1,8?1,9<\/td>\n<td>\u00dcberwiegend gehende oder stehende T\u00e4tigkeit: Verk\u00e4ufer, Hausfrau, Handwerker<\/td>\n<\/tr>\n<tr>\n<td>2,0?2,4<\/td>\n<td>K\u00f6rperlich anstrengende berufliche Arbeit: Bauarbeiter, Landwirte<\/td>\n<\/tr>\n<\/table>\n<p>Bei sportlicher Bet\u00e4tigung oder anstrengenden Freizeitbet\u00e4tigungen k\u00f6nnen zus\u00e4tzlich 0,3 PAL-Einheiten pro Tag hinzuaddiert werden.<\/p>\n<p><strong>sportliche Aktivit\u00e4ten<\/strong><\/p>\n<p><u>Faustformel Laufen:<\/u><br \/>\nverbrauchte Energie in kcal = gelaufene Strecke in Km x Gewicht in KG x Faktor 0,9<\/p>\n<p><u>Durchschnittswerte Radfahren*:<\/u><br \/>\nOhne Ber\u00fccksichtigung von Geschlecht, K\u00f6rpergr\u00f6\u00dfe, Gewicht und Trainingszustand.<\/p>\n<table border=\"1\">\n<tr>\n<td>Tempo<\/td>\n<td>Energieverbrauch pro Std.<\/td>\n<\/tr>\n<tr>\n<td>langsam<\/td>\n<td>450-500 kcal<\/td>\n<\/tr>\n<tr>\n<td>mittelm\u00e4\u00dfig<\/td>\n<td>600-750 kcal<\/td>\n<\/tr>\n<tr>\n<td>schnell<\/td>\n<td>700-1000 kcal<\/td>\n<\/tr>\n<\/table>\n<p>*Quelle: http:\/\/www.radsporttraining.de<\/p>\n<p><strong>Metabolisches \u00c4quivalent<\/strong><br \/>\n<br \/>\nDas Metabolische \u00c4quivalent (engl. metabolic equivalent of task; MET) wird verwendet, um den Energieverbrauch verschiedener Aktivit\u00e4ten zu berechnen und zu vergleichen. Per Definition entspricht 1 MET einen Energieverbrauch von 4,2 kJ (1 kcal) je Kilogramm K\u00f6rpergewicht pro Stunde, dies entspricht in etwa dem Ruheumsatz des K\u00f6rpers. Moderate k\u00f6rperliche Aktivit\u00e4t hat etwa einen Energieverbrauch von 3 bis 6 METs, intensive Anstrengungen hingegen \u00fcber 6 METs.<\/p>\n<table border=\"1\">\n<tr>\n<td>Aktivit\u00e4t<\/td>\n<td>MET<\/td>\n<\/tr>\n<tr>\n<td>Laufen 8 Km\/h<\/td>\n<td>8<\/td>\n<\/tr>\n<tr>\n<td>Laufen 8,4 Km\/h<\/td>\n<td>9<\/td>\n<\/tr>\n<tr>\n<td>Laufen 9,7 Km\/h<\/td>\n<td>10<\/td>\n<\/tr>\n<tr>\n<td>Laufen 10,8 km\/h<\/td>\n<td>11<\/td>\n<\/tr>\n<tr>\n<td>Laufen 11,3 km\/h<\/td>\n<td>11,5<\/td>\n<\/tr>\n<tr>\n<td>Laufen 12,1 km\/h<\/td>\n<td>12,5<\/td>\n<\/tr>\n<tr>\n<td>Laufen 12,9 Km\/h<\/td>\n<td>13,5<\/td>\n<\/tr>\n<tr>\n<td>Laufen 13,8 Km\/h<\/td>\n<td>14<\/td>\n<\/tr>\n<tr>\n<td>Laufen 14,5 km\/h<\/td>\n<td>15<\/td>\n<\/tr>\n<tr>\n<td>Laufen 16,1 Km\/h<\/td>\n<td>16<\/td>\n<\/tr>\n<tr>\n<td>Laufen 17,5 Km\/h<\/td>\n<td>18<\/td>\n<\/tr>\n<tr>\n<td>Radfahren 16,1-19,2 Km\/h<\/td>\n<td>6<\/td>\n<\/tr>\n<tr>\n<td>Radfahren 19,3-22,4 Km\/h<\/td>\n<td>8<\/td>\n<\/tr>\n<tr>\n<td>Radfahren 22,5-25,6 Km\/h<\/td>\n<td>10<\/td>\n<\/tr>\n<tr>\n<td>Radfahren 25,7-30,6 Km\/h<\/td>\n<td>12<\/td>\n<\/tr>\n<tr>\n<td>Radfahren > 32,2 Km\/h<\/td>\n<td>16<\/td>\n<\/tr>\n<tr>\n<td>Radfahren Ergometer 50 Watt<\/td>\n<td>3<\/td>\n<\/tr>\n<tr>\n<td>Radfahren Ergometer 100 Watt<\/td>\n<td>5,5<\/td>\n<\/tr>\n<tr>\n<td>Radfahren Ergometer 150 Watt<\/td>\n<td>7<\/td>\n<\/tr>\n<tr>\n<td>Radfahren Ergometer 200 Watt<\/td>\n<td>10,5<\/td>\n<\/tr>\n<tr>\n<td>Radfahren Ergometer 250 Watt<\/td>\n<td>12,5<\/td>\n<\/tr>\n<\/table>\n<p>Eine komplette \u00dcbersicht finden Sie unter folgendem <a href=\"http:\/\/prevention.sph.sc.edu\/tools\/docs\/documents_compendium.pdf\">Link.<\/a><\/p>\n<p>Mit der MET- Formel kann nun der Kalorienverbrauch f\u00fcr eine sportliche Aktivit\u00e4t berechnen werden. Zu Berechnung wird ein Geschlechtsfaktor<br \/>\n(1,05 f\u00fcr M\u00e4nner, 0,96 f\u00fcr Frauen) einbezogen. <\/p>\n<p>MET- Faktor der Aktivit\u00e4t * Geschlechtsfaktor * K\u00f6rpergewicht in KG * (Aktivit\u00e4tsdauer in min\/60)<\/p>\n<p>Als Beispiel hier eine Laufeinheit vom 13.04.2016:<\/p>\n<p>12 Km in 56:23 min, Durchschnittsgeschwindigkeit 12,8 Km\/h, Gewicht 67,7 KG<\/p>\n<p>13,5 * 1,05 * 67,7 KG (56\/60)<\/p>\n<p>Dies entspricht dann also einem absolutem Kalorienverbrauch von 896 kcal.<\/p>\n","protected":false},"excerpt":{"rendered":"<p>Grundumsatz Einfache Absch\u00e4tzung: Stark vereinfacht, aber alltagstauglich ist die N\u00e4herungsannahme, dass der Mensch pro Kilogramm K\u00f6rpergewicht ca. 25 kcal pro Tag verbraucht. M\u00e4nner: G = (25 x Gewicht in KG) kcal\/24h Frauen: G = (25 x Gewicht in KG) x 0,9 kcal\/24h Harris-Benedict-Formel: M\u00e4nner: G = 66,5 + (13,7 x Gewicht in KG) + (5,0 &hellip; <a href=\"http:\/\/marco-gerlach.de\/cgi-bin\/weblog_basic\/?page_id=987\" class=\"more-link\"><span class=\"screen-reader-text\">\u201eKalorienverbrauch\u201c<\/span> weiterlesen<\/a><\/p>\n","protected":false},"author":1,"featured_media":0,"parent":988,"menu_order":0,"comment_status":"open","ping_status":"open","template":"","meta":[],"_links":{"self":[{"href":"http:\/\/marco-gerlach.de\/cgi-bin\/weblog_basic\/index.php?rest_route=\/wp\/v2\/pages\/987"}],"collection":[{"href":"http:\/\/marco-gerlach.de\/cgi-bin\/weblog_basic\/index.php?rest_route=\/wp\/v2\/pages"}],"about":[{"href":"http:\/\/marco-gerlach.de\/cgi-bin\/weblog_basic\/index.php?rest_route=\/wp\/v2\/types\/page"}],"author":[{"embeddable":true,"href":"http:\/\/marco-gerlach.de\/cgi-bin\/weblog_basic\/index.php?rest_route=\/wp\/v2\/users\/1"}],"replies":[{"embeddable":true,"href":"http:\/\/marco-gerlach.de\/cgi-bin\/weblog_basic\/index.php?rest_route=%2Fwp%2Fv2%2Fcomments&post=987"}],"version-history":[{"count":29,"href":"http:\/\/marco-gerlach.de\/cgi-bin\/weblog_basic\/index.php?rest_route=\/wp\/v2\/pages\/987\/revisions"}],"predecessor-version":[{"id":1004,"href":"http:\/\/marco-gerlach.de\/cgi-bin\/weblog_basic\/index.php?rest_route=\/wp\/v2\/pages\/987\/revisions\/1004"}],"up":[{"embeddable":true,"href":"http:\/\/marco-gerlach.de\/cgi-bin\/weblog_basic\/index.php?rest_route=\/wp\/v2\/pages\/988"}],"wp:attachment":[{"href":"http:\/\/marco-gerlach.de\/cgi-bin\/weblog_basic\/index.php?rest_route=%2Fwp%2Fv2%2Fmedia&parent=987"}],"curies":[{"name":"wp","href":"https:\/\/api.w.org\/{rel}","templated":true}]}}